{"id":95,"date":"2016-04-01T11:38:18","date_gmt":"2016-04-01T09:38:18","guid":{"rendered":"http:\/\/as-fensterbau.homepage.t-online.de\/cms\/wp\/?page_id=95"},"modified":"2016-06-12T15:27:57","modified_gmt":"2016-06-12T13:27:57","slug":"agb","status":"publish","type":"page","link":"https:\/\/www.as-fensterbau.de\/index.php\/agb","title":{"rendered":"AGB"},"content":{"rendered":"<p>[et_pb_section admin_label=&#8221;Sektion&#8221; global_module=&#8221;147&#8243; fullwidth=&#8221;on&#8221; specialty=&#8221;off&#8221; transparent_background=&#8221;off&#8221; background_color=&#8221;#ffffff&#8221; allow_player_pause=&#8221;off&#8221; inner_shadow=&#8221;off&#8221; parallax=&#8221;off&#8221; parallax_method=&#8221;off&#8221; padding_mobile=&#8221;off&#8221; make_fullwidth=&#8221;off&#8221; use_custom_width=&#8221;off&#8221; width_unit=&#8221;on&#8221; make_equal=&#8221;off&#8221; use_custom_gutter=&#8221;off&#8221;][et_pb_fullwidth_menu global_parent=&#8221;147&#8243; admin_label=&#8221;Hauptmen\u00fc&#8221; menu_id=&#8221;2&#8243; background_color=&#8221;#005396&#8243; background_layout=&#8221;dark&#8221; text_orientation=&#8221;center&#8221; submenu_direction=&#8221;downwards&#8221; fullwidth_menu=&#8221;on&#8221; active_link_color=&#8221;#0e9af2&#8243; dropdown_menu_animation=&#8221;expand&#8221; dropdown_menu_bg_color=&#8221;#ffffff&#8221; dropdown_menu_line_color=&#8221;rgba(197,198,198,0)&#8221; dropdown_menu_text_color=&#8221;#005396&#8243; menu_font_size=&#8221;15px&#8221; menu_font=&#8221;|on||on|&#8221; mobile_menu_bg_color=&#8221;#ffffff&#8221; mobile_menu_text_color=&#8221;#005396&#8243;] [\/et_pb_fullwidth_menu][\/et_pb_section][et_pb_section admin_label=&#8221;section&#8221; global_module=&#8221;148&#8243; transparent_background=&#8221;off&#8221; background_color=&#8221;#ffffff&#8221; allow_player_pause=&#8221;off&#8221; inner_shadow=&#8221;off&#8221; parallax=&#8221;off&#8221; parallax_method=&#8221;off&#8221; custom_padding=&#8221;0px|||&#8221; padding_mobile=&#8221;off&#8221; make_fullwidth=&#8221;off&#8221; use_custom_width=&#8221;off&#8221; width_unit=&#8221;on&#8221; make_equal=&#8221;off&#8221; use_custom_gutter=&#8221;off&#8221;][et_pb_row global_parent=&#8221;148&#8243; admin_label=&#8221;row&#8221;][et_pb_column type=&#8221;1_3&#8243;][et_pb_image global_parent=&#8221;148&#8243; admin_label=&#8221;Logo&#8221; src=&#8221;https:\/\/www.as-fensterbau.de\/wp-content\/uploads\/2016\/04\/Logo-AS-Fensterbau-GmbH.png&#8221; alt=&#8221;AS Fensterbau GmbH&#8221; title_text=&#8221;Qualit\u00e4tsfenster vom Fachbetrieb&#8221; show_in_lightbox=&#8221;off&#8221; url=&#8221;\/home\/&#8221; url_new_window=&#8221;off&#8221; use_overlay=&#8221;off&#8221; animation=&#8221;off&#8221; sticky=&#8221;off&#8221; align=&#8221;left&#8221; force_fullwidth=&#8221;off&#8221; always_center_on_mobile=&#8221;on&#8221; use_border_color=&#8221;off&#8221; border_color=&#8221;#ffffff&#8221; border_style=&#8221;solid&#8221;] [\/et_pb_image][\/et_pb_column][et_pb_column type=&#8221;1_3&#8243;][et_pb_divider global_parent=&#8221;148&#8243; admin_label=&#8221;Teiler&#8221; color=&#8221;#ffffff&#8221; show_divider=&#8221;off&#8221; height=&#8221;5&#8243; divider_style=&#8221;solid&#8221; divider_position=&#8221;top&#8221; hide_on_mobile=&#8221;on&#8221;] [\/et_pb_divider][et_pb_text global_parent=&#8221;148&#8243; admin_label=&#8221;Rehau Logo&#8221; background_layout=&#8221;light&#8221; text_orientation=&#8221;left&#8221; use_border_color=&#8221;off&#8221; border_color=&#8221;#ffffff&#8221; border_style=&#8221;solid&#8221;] <img loading=\"lazy\" decoding=\"async\" class=\"aligncenter size-full wp-image-53\" src=\"https:\/\/www.as-fensterbau.de\/wp-content\/uploads\/2016\/04\/Rehau-Logo.png\" alt=\"Rehau-Logo\" width=\"217\" height=\"100\" \/> [\/et_pb_text][\/et_pb_column][et_pb_column type=&#8221;1_3&#8243;][et_pb_text global_parent=&#8221;148&#8243; admin_label=&#8221;Adresse AS Fensterbau&#8221; background_layout=&#8221;light&#8221; text_orientation=&#8221;left&#8221; use_border_color=&#8221;off&#8221; border_color=&#8221;#ffffff&#8221; border_style=&#8221;solid&#8221; text_font=&#8221;|on|||&#8221; text_text_color=&#8221;#005396&#8243;]<\/p>\n<p>AS Fensterbau GmbH<br \/>\nWierlings Busch 3<br \/>\n48249 D\u00fclmen<br \/>\nTel: <a href=\"tel:+492594991123\">0 25 94 \/ 99 11 23<\/a><br \/>\nFax: 0 25 94 \/ 99 11 57<br \/>\nE-Mail: <a href=\"mailto:info@as-fensterbau.de\">info@as-fensterbau.de<\/a><\/p>\n<p>Mo bis Fr: 7:00 bis 17:00 Uhr<br \/>\nSa: 9.00 bis 12.00 Uhr oder nach Vereinbarung<\/p>\n<p>[\/et_pb_text][\/et_pb_column][\/et_pb_row][\/et_pb_section][et_pb_section admin_label=&#8221;Sektion&#8221; fullwidth=&#8221;on&#8221; specialty=&#8221;off&#8221; transparent_background=&#8221;off&#8221; background_color=&#8221;#ffffff&#8221; allow_player_pause=&#8221;off&#8221; inner_shadow=&#8221;off&#8221; parallax=&#8221;off&#8221; parallax_method=&#8221;off&#8221; padding_mobile=&#8221;off&#8221; make_fullwidth=&#8221;off&#8221; use_custom_width=&#8221;off&#8221; width_unit=&#8221;on&#8221; make_equal=&#8221;off&#8221; use_custom_gutter=&#8221;off&#8221;][et_pb_fullwidth_slider admin_label=&#8221;Vollbreiter Slider&#8221; show_arrows=&#8221;on&#8221; show_pagination=&#8221;on&#8221; auto=&#8221;off&#8221; auto_ignore_hover=&#8221;off&#8221; parallax=&#8221;off&#8221; parallax_method=&#8221;off&#8221; remove_inner_shadow=&#8221;off&#8221; background_position=&#8221;default&#8221; background_size=&#8221;default&#8221; hide_content_on_mobile=&#8221;off&#8221; hide_cta_on_mobile=&#8221;off&#8221; show_image_video_mobile=&#8221;off&#8221; custom_button=&#8221;off&#8221; button_letter_spacing=&#8221;0&#8243; button_use_icon=&#8221;default&#8221; button_icon_placement=&#8221;right&#8221; button_on_hover=&#8221;on&#8221; button_letter_spacing_hover=&#8221;0&#8243;] [et_pb_slide background_image=&#8221;https:\/\/www.as-fensterbau.de\/wp-content\/uploads\/2016\/04\/header-home-slide1.jpg&#8221; background_position=&#8221;default&#8221; background_size=&#8221;default&#8221; background_color=&#8221;#ffffff&#8221; use_bg_overlay=&#8221;off&#8221; use_text_overlay=&#8221;off&#8221; alignment=&#8221;center&#8221; background_layout=&#8221;dark&#8221; allow_player_pause=&#8221;off&#8221; text_border_radius=&#8221;3&#8243; header_font_select=&#8221;default&#8221; header_font=&#8221;|||on|&#8221; body_font_select=&#8221;default&#8221; body_font=&#8221;||||&#8221; custom_button=&#8221;off&#8221; button_font_select=&#8221;default&#8221; button_font=&#8221;||||&#8221; button_use_icon=&#8221;default&#8221; button_icon_placement=&#8221;right&#8221; button_on_hover=&#8221;on&#8221; heading=&#8221;Allgemeine Gesch\u00e4ftsbedingungen&#8221;] [\/et_pb_slide] [\/et_pb_fullwidth_slider][\/et_pb_section][et_pb_section admin_label=&#8221;section&#8221;][et_pb_row admin_label=&#8221;row&#8221;][et_pb_column type=&#8221;4_4&#8243;][et_pb_text admin_label=&#8221;Text&#8221; background_layout=&#8221;light&#8221; text_orientation=&#8221;left&#8221; use_border_color=&#8221;off&#8221; border_color=&#8221;#ffffff&#8221; border_style=&#8221;solid&#8221;]<\/p>\n<p><strong>1. Auftragsbest\u00e4tigung<\/strong><br \/>\nBis zur schriftlichen Auftragsbest\u00e4tigung sind alle Angebote freibleibend. Weicht die Auftragsbest\u00e4tigung durch den Auftragnehmer (im folgenden AN genannt) von der Bestellung des Auftraggebers (im folgenden AG genannt) ab, so ist dieser ausdr\u00fccklich darauf hinzuweisen. Ein Vertrag kommt in diesem Fall erst mit der schriftlichen Best\u00e4tigung des Bestellers zustande.<br \/>\n<strong>2. Bauleistungen<\/strong><br \/>\nBei allen Bauleistungen -einschlie\u00dflich Montage- gilt die Verdingungsordnung f\u00fcr Bauleistungen, soweit der Auftraggeber Baugewerbetreiber ist (VOB; Teil B; DIN 1961) in der bei Vertragsabschlu\u00df g\u00fcltigen Fassung. Dem AG wird erforderlichenfalls<br \/>\ndie VOB, Teil B, ausgeh\u00e4ndigt.<br \/>\n<strong>3. Leistungen und Lieferungen ausser Bauleistungen<\/strong><br \/>\nF\u00fcr die Herstellung, Lieferung und Instandsetzung von Gegenst\u00e4nden sowie sonstigen Leistungen, die nicht Bauleistungen im Sinne der vorstehenden Ziffer 2 sind, gelten die Bestimmungen der Ziffer 3.1 bis 3.5. Bei Leistungen an \u00f6ffentliche AG, bei denen die \u201eVerdingungsordnung f\u00fcr Leistungen\u201d &#8211; ausgenommen Bauleistungen &#8211; (VOB), Teil B, seitens des AG zwingend anzuwenden<br \/>\nist, gilt diese in der bei Vertragsabschlu\u00df g\u00fcltigen Fassung.<br \/>\n<strong>3.1<\/strong> Wird die vom AN geschuldete Leistung zwingend durch schwerwiegende Umst\u00e4nde verz\u00f6gert, die er nicht zu vertreten hat (z.B. Arbeitsk\u00e4mpfe und andere unabwendbare Ereignisse), so verl\u00e4ngert sich eine etwa vereinbarte Lieferfrist um die Dauer der<br \/>\nVerz\u00f6gerung. Der AN wird den AG von der Verz\u00f6gerung unverz\u00fcglich unterrichten.<br \/>\nDauert die Verz\u00f6gerung unangemessen lange, so kann jeder Vertragsteil schadensersatzfrei vom Vertrag zur\u00fccktreten.<br \/>\n<strong>3.2.<\/strong> Kann der Gegenstand nach Fertigstellung infolge von Umst\u00e4nden, die der AN nicht zu vertreten hat, nicht zu dem vertraglich vereinbarten Termin versandt oder abgenommen werden, so geht die Gefahr in dem Zeitpunkt auf den AG \u00fcber, in dem diesem<br \/>\ndie Anzeige der Versandbereitschaft zugegangen ist. Der AN wird den AG unverz\u00fcglich \u00fcber die Verz\u00f6gerung unterrichten. Lagerkosten gehen zu Lasten des AG.<br \/>\n<strong>3.3.<\/strong> Ist die vertragliche Leistung vom AN erbracht, so ist die Verg\u00fctung sofort und ohne Abzug zu entrichten, sofern nichts anderes ausdr\u00fccklich vereinbart ist.<br \/>\nWechselzahlungen sind nur bei besonderer Vereinbarung zul\u00e4ssig. Wechsel und Schecks waren stets nur zahlungshalber, nicht aber an Zahlung statt hereingenommen. Wechselspesen und Wechselsteuer gehen zu Lasten des AG.<br \/>\nIm Falle eines Schecks oder Wechselprotestes kann der AN Zug-um-Zug unter R\u00fcckgabe des Schecks oder Wechsels sofortige Bezahlung, auch f\u00fcr sp\u00e4ter f\u00e4llige Papiere, verlangen. Bei Zahlungsverzug sind die entstandenen Zinsen und sonstigen<br \/>\nKosten zu ersetzen. Die Zinsen betragen 2 % \u00fcber dem Bundesbankdiskont, es sei denn, da\u00df der AG einen geringeren Schaden nachweist.<br \/>\nBei Zahlungen f\u00fcr Teillieferungen gelten gleichfalls die vorstehenden Bedingungen.<br \/>\n<strong>3.4<\/strong> Offensichtliche M\u00e4ngel m\u00fcssen unverz\u00fcglich nach Lieferung der Ware oder bei Annahme der Leistung ger\u00fcgt werden.<br \/>\nNicht offensichtliche M\u00e4ngel m\u00fcssen innerhalb der gesetzlichen Gew\u00e4hrleistungspflicht ger\u00fcgt werden.<br \/>\nBei berechtigten M\u00e4ngelr\u00fcgen hat der AN die Wahl, entweder die mangelhaften Liefergegenst\u00e4nde innerhalb einer Frist von 4 Wochen nachzubessern oder dem AG gegen R\u00fcckgabe des beanstandeten Gegenstandes ein Ersatzst\u00fcck zu liefern.<br \/>\nIst eine Nachbesserung oder Ersatzlieferung unm\u00f6glich, schl\u00e4gt sie fehl oder wird sie verweigert, so kann der AG einen entsprechenden Preisnachla\u00df oder nach seiner Wahl R\u00fcckg\u00e4ngigmachung des Vertrages verlangen.<br \/>\nAufrechnungen mit anderen als unbestritten oder rechtskr\u00e4ftig festgestellten Forderungen oder R\u00fccksendung sind ohne vorherige gegenseitige Verst\u00e4ndigung nicht statthaft.<br \/>\nUnwesentliche, zumutbare Abweichungen in den Abmessungen und Ausf\u00fchrungen, insbesondere bei Nachbestellungen, berechtigen nicht zu Beanstandungen, es sei denn, da\u00df die Einhaltung von Ma\u00dfen und Farbt\u00f6nen ausdr\u00fccklich vereinbart worden ist.<br \/>\n\u00dcber das Vorstehende hinausgehende Anspr\u00fcche, insbesondere auf Schadensersatz, Vertragsstrafen oder entgangenen Gewinn, sind ausgeschlossen, es sei denn, sie beruhen auf einer vors\u00e4tzlichen oder grob fahrl\u00e4ssigen Vertragsverletzung des<br \/>\nAN oder seines gesetzlichen Vertreters oder Erf\u00fcllungsgehilfen.<br \/>\n<strong>4. Bedingungen f\u00fcr alle Leistungen und Lieferungen<\/strong><br \/>\n<strong>4.1<\/strong> Es gilt die vereinbarte Verg\u00fctung. Auf Verlangen eines Vertragsteils sind bei Dauerschuldverh\u00e4ltnissen sowie bei Vereinbarungen, die Liefer- oder Leistungsfristen von mehr als 4 Monaten nach Vertragsschlu\u00df enthalten, Verhandlungen \u00fcber eine Preisanpassung zu f\u00fchren, wenn a) die Preise f\u00fcr das insgesamt ben\u00f6tigte Material ab Vertragsabschlu\u00df b) oder die Lohn- oder Lohnnebenkosten durch gesetzliche oder tarifliche Ver\u00e4nderungen insgesamt um mehr als 5 % steigen oder fallen c) oder die Mehrwertsteuer eine \u00c4nderung erf\u00e4hrt<br \/>\n<strong>4.2 Eigentumsvorbehalt<\/strong><br \/>\n<strong>1)<\/strong> Der AN beh\u00e4lt sich das Eigentum an der Ware vor, bis s\u00e4mtliche Forderungen des AN gegen den AG aus der Gesch\u00e4ftsbedingung einschlie\u00dflich der k\u00fcnftig entstehenden Forderungen auch aus gleichzeitig oder sp\u00e4ter abgeschlossenen Vertr\u00e4gen beglichen sind. Das gilt auch dann, wenn einzelne oder s\u00e4mtliche Forderungen des AN an eine lfd. Rechnung aufgenommen wurden und der Saldo gezogen und anerkannt ist.<br \/>\nDer Eigentumsvorbehalt bleibt auch bestehen, solange noch Forderungen des AN und der mit ihm verbundenen Firmen gegen den AG offenstehen.<br \/>\n<strong>2)<\/strong> Der AG ist verpflichtet, Pf\u00e4ndungen der Eigentumsvorbehaltsgegenst\u00e4nde dem AN unverz\u00fcglich schriftlich anzuzeigen und die Pfandgl\u00e4ubiger von dem Eigentumsvorbehalt zu unterrichten. Der AG ist nicht berechtigt, die ihm unter Eigentumsvorbehalt<br \/>\ngelieferten Gegenst\u00e4nde zu ver\u00e4ussern, zu verschenken, zu verpf\u00e4nden oder zur Sicherheit zu \u00fcbereignen.<br \/>\n<strong>3)<\/strong> Erfolgt die Lieferung f\u00fcr einen vom AG unterhaltenen Gesch\u00e4ftsbetrieb, so d\u00fcrfen die Gegenst\u00e4nde im Rahmen einer ordnungsgem\u00e4\u00dfen Gesch\u00e4ftsf\u00fchrung weiterver\u00e4ussert werden. In diesem Fall werden die Forderungen des AG gegen den Abnehmer aus der Ver\u00e4usserung bereits jetzt an denAN abgetreten.<br \/>\nBei Weiterver\u00e4usserung der Gegenst\u00e4nde auf Kredit hat sich der AG gegen\u00fcber seinem Arbeitnehmer das Eigentum vorzubehalten. Die Rechte und Anspr\u00fcche aus diesem Eigentumsvorbehalt gegen\u00fcber seinem Abnehmer tritt der AG hiermit an den AN ab.<br \/>\n<strong>4)<\/strong> Werden die Eigentumsvorbehaltsgegenst\u00e4nde vom AG bzw. im Auftrag des AG als wesentliche Bestandteile in das Grundst\u00fcck eines Dritten eingebaut, so tritt der AG schon jetzt gegen den Dritten oder den, den es angeht, etwa entstehende Forderungen<br \/>\nauf Verg\u00fctung in H\u00f6he des Wertes der Eigentumsvorbehalts- gegent\u00e4nde mit allen Nebenrechten, einschlie\u00dflich der Einr\u00e4umung einer Sicherheitshypothek, an den AN ab.<br \/>\n<strong>5)<\/strong> Werden Eigentumsvorbehaltsgegenst\u00e4nde als wesentliche Bestandteile in das Grundst\u00fcck des AG eingebaut, so tritt der AG schon jetzt die aus einer Ver\u00e4usserung des Grundst\u00fccks oder von Grundst\u00fccksrechten entstehenden Forderungen in H\u00f6he<br \/>\ndes Wertes der Eigentumsvorbehaltsgegenst\u00e4nde mit allen Nebenrechten an den AN ab.<br \/>\n<strong>6)<\/strong> Erf\u00fcllt der AG seine Verpflichtungen gegen\u00fcber dem AN nicht oder nicht p\u00fcnktlich oder wirkt in unzul\u00e4ssiger Weise auf die unter Eigentumsvorbehalt gelieferten Gegenst\u00e4nde ein, so kann der AN unbesch\u00e4digt des ihm zustehenden Anspruchs auf Erf\u00fcllung des Vertrages die Gegenst\u00e4nde herausverlangen, sofern eine dem AG zur Erf\u00fcllung seiner Verpflichtung gesetzte angemessene Frist erfolglos verstrichen ist. Die vorstehende Regelung gilt nicht f\u00fcr Abzahlungsgesch\u00e4fte.<br \/>\n<strong>7)<\/strong> Wenn der Wert der bestehenden Sicherheiten die zu sichernden Forderungen um mehr als 10 % \u00fcbersteigt, ist der AN auf Verlangen des AG insoweit zur Freigabe verpflichtet.<br \/>\n<strong>8)<\/strong> Die beweglichen Teile unserer Leistungen bleiben auch nach der Montage unser Eigentum. beim Zahlungsverzug sind wir unwiderruflich erm\u00e4chtigt, die beweglichen Teile auf Kosten des AN zur\u00fcckzunehmen und dazu die Baustelle zu betreten.<br \/>\n<strong>4.3 Kostenanschl\u00e4ge, Entw\u00fcrfe, Zeichnungen<\/strong><br \/>\nKostenanschl\u00e4ge, Entw\u00fcrfe, Zeichnungen und Berechnungen bleiben Eigentum des AN und d\u00fcrfen ohne Zustimmung weder genutzt, vervielf\u00e4ltigt noch dritten Personen zug\u00e4ngig gemacht werden. Sie sind im Falle der Nichterteilung des Auftrages unverz\u00fcglich zur\u00fcckzugeben.<br \/>\n<strong>4.4 Gerichtsstand<\/strong><br \/>\nSind beide Vertragsparteien Vollkaufleute, so ist ausschlie\u00dflich Gerichtsstand der Gesch\u00e4ftssitz des Auftragnehmers.<br \/>\n<strong>4.5 Rechtsg\u00fcltigkeit<\/strong><br \/>\nSind einzelne der vorgenannten Vertragsbestimmungen ganz oder teilweise nicht Vertragsbestandteil geworden oder unwirksam, so bleibt der Vertrag im \u00fcbrigen wirksam.<br \/>\n<strong>WICHTIGER HINWEIS:<\/strong><br \/>\nTrotz sorgf\u00e4ltigster Arbeit l\u00e4sst es sich, besonders bei Altbausanierungen, teilweise nicht vermeiden, dass Fliesen und Steinfensterb\u00e4nke besch\u00e4digt werden. Malerarbeiten und sonstige nicht ausdr\u00fccklich aufgef\u00fchrte Nebenarbeiten sind nicht in unseren Leistungen enthalten. Elektrokabel die bei der Demontage nicht erkennbar sind, m\u00fcssen bauseits instand gesetzt werden.<br \/>\nBei der Verwendung von unterschiedlichen Materialien (Kunststoff, Aluminium) kann es zu Farbabweichungen kommen. Diese stellen keinen Reklamationsgrund dar. Es kann passieren, dass die heutigen Isolierverglasungen von au\u00dfen beschlagen bzw.<br \/>\nsich Reif oder Tau bildet. Dies passiert dann, wenn die Au\u00dfenscheibe k\u00fchler ist als die Au\u00dfenluft. Rolll\u00e4den d\u00fcrfen bei starker Sonneneinstrahlung nicht bis ganz unten gefahren werden, ansonsten verbeulen Sie. Heizk\u00f6rper die direkt vor dem Fenster<br \/>\nmontiert sind, m\u00fcssen vor der Demontage bauseits entfernt werden. Fenster mit barrierefreien Schwellen sollten von au\u00dfen eine Drainrinne erhalten, da diese bei starken Wind und Regen undicht sein k\u00f6nnen.<br \/>\nEine Haftungs\u00fcbernahme f\u00fcr die oben beschriebenen Punkte m\u00fcssen wir daher grunds\u00e4tzlich ablehnen. Wir bitten um Ihr Verst\u00e4ndnis und bedanken uns daf\u00fcr.<\/p>\n<p>[\/et_pb_text][et_pb_blurb admin_label=&#8221;Download AGB&#8221; title=&#8221;Unsere AGB\u00b4s zum Download&#8221; url_new_window=&#8221;on&#8221; use_icon=&#8221;on&#8221; font_icon=&#8221;%%271%%&#8221; icon_color=&#8221;#005396&#8243; use_circle=&#8221;off&#8221; circle_color=&#8221;#c5c6c6&#8243; use_circle_border=&#8221;off&#8221; circle_border_color=&#8221;#c5c6c6&#8243; icon_placement=&#8221;left&#8221; animation=&#8221;off&#8221; background_layout=&#8221;light&#8221; text_orientation=&#8221;left&#8221; use_icon_font_size=&#8221;off&#8221; use_border_color=&#8221;off&#8221; border_color=&#8221;#ffffff&#8221; border_style=&#8221;solid&#8221; url=&#8221;\/wp-content\/uploads\/2016\/06\/AS-Fensterbau-AGBs.pdf&#8221; custom_css_blurb_title=&#8221;padding-top: 5px;&#8221;] [\/et_pb_blurb][\/et_pb_column][\/et_pb_row][\/et_pb_section]<\/p>\n","protected":false},"excerpt":{"rendered":"<p>[et_pb_section admin_label=&#8221;Sektion&#8221; global_module=&#8221;147&#8243; fullwidth=&#8221;on&#8221; specialty=&#8221;off&#8221; transparent_background=&#8221;off&#8221; background_color=&#8221;#ffffff&#8221; allow_player_pause=&#8221;off&#8221; inner_shadow=&#8221;off&#8221; parallax=&#8221;off&#8221; parallax_method=&#8221;off&#8221; padding_mobile=&#8221;off&#8221; make_fullwidth=&#8221;off&#8221; use_custom_width=&#8221;off&#8221; width_unit=&#8221;on&#8221; make_equal=&#8221;off&#8221; use_custom_gutter=&#8221;off&#8221;][et_pb_fullwidth_menu global_parent=&#8221;147&#8243; admin_label=&#8221;Hauptmen\u00fc&#8221; menu_id=&#8221;2&#8243; background_color=&#8221;#005396&#8243; background_layout=&#8221;dark&#8221; text_orientation=&#8221;center&#8221; submenu_direction=&#8221;downwards&#8221; fullwidth_menu=&#8221;on&#8221; active_link_color=&#8221;#0e9af2&#8243; dropdown_menu_animation=&#8221;expand&#8221; dropdown_menu_bg_color=&#8221;#ffffff&#8221; dropdown_menu_line_color=&#8221;rgba(197,198,198,0)&#8221; dropdown_menu_text_color=&#8221;#005396&#8243; menu_font_size=&#8221;15px&#8221; menu_font=&#8221;|on||on|&#8221; mobile_menu_bg_color=&#8221;#ffffff&#8221; mobile_menu_text_color=&#8221;#005396&#8243;] [\/et_pb_fullwidth_menu][\/et_pb_section][et_pb_section admin_label=&#8221;section&#8221; global_module=&#8221;148&#8243; transparent_background=&#8221;off&#8221; background_color=&#8221;#ffffff&#8221; allow_player_pause=&#8221;off&#8221; inner_shadow=&#8221;off&#8221; parallax=&#8221;off&#8221; parallax_method=&#8221;off&#8221; custom_padding=&#8221;0px|||&#8221; padding_mobile=&#8221;off&#8221; make_fullwidth=&#8221;off&#8221; use_custom_width=&#8221;off&#8221; width_unit=&#8221;on&#8221; make_equal=&#8221;off&#8221; use_custom_gutter=&#8221;off&#8221;][et_pb_row global_parent=&#8221;148&#8243; admin_label=&#8221;row&#8221;][et_pb_column type=&#8221;1_3&#8243;][et_pb_image global_parent=&#8221;148&#8243; admin_label=&#8221;Logo&#8221; [&hellip;]<\/p>\n","protected":false},"author":2,"featured_media":0,"parent":0,"menu_order":0,"comment_status":"closed","ping_status":"closed","template":"","meta":{"_et_pb_use_builder":"on","_et_pb_old_content":"","_et_gb_content_width":"","inline_featured_image":false,"footnotes":""},"class_list":["post-95","page","type-page","status-publish","hentry"],"_links":{"self":[{"href":"https:\/\/www.as-fensterbau.de\/index.php\/wp-json\/wp\/v2\/pages\/95","targetHints":{"allow":["GET"]}}],"collection":[{"href":"https:\/\/www.as-fensterbau.de\/index.php\/wp-json\/wp\/v2\/pages"}],"about":[{"href":"https:\/\/www.as-fensterbau.de\/index.php\/wp-json\/wp\/v2\/types\/page"}],"author":[{"embeddable":true,"href":"https:\/\/www.as-fensterbau.de\/index.php\/wp-json\/wp\/v2\/users\/2"}],"replies":[{"embeddable":true,"href":"https:\/\/www.as-fensterbau.de\/index.php\/wp-json\/wp\/v2\/comments?post=95"}],"version-history":[{"count":9,"href":"https:\/\/www.as-fensterbau.de\/index.php\/wp-json\/wp\/v2\/pages\/95\/revisions"}],"predecessor-version":[{"id":513,"href":"https:\/\/www.as-fensterbau.de\/index.php\/wp-json\/wp\/v2\/pages\/95\/revisions\/513"}],"wp:attachment":[{"href":"https:\/\/www.as-fensterbau.de\/index.php\/wp-json\/wp\/v2\/media?parent=95"}],"curies":[{"name":"wp","href":"https:\/\/api.w.org\/{rel}","templated":true}]}}