{"id":1238,"date":"2021-01-25T14:35:39","date_gmt":"2021-01-25T13:35:39","guid":{"rendered":"https:\/\/www.as-fensterbau.de\/?page_id=1238"},"modified":"2021-01-25T17:12:31","modified_gmt":"2021-01-25T16:12:31","slug":"stellenanzeigen","status":"publish","type":"page","link":"https:\/\/www.as-fensterbau.de\/index.php\/stellenanzeigen","title":{"rendered":"Stellenanzeigen"},"content":{"rendered":"<p>[et_pb_section fb_built=&#8221;1&#8243; fullwidth=&#8221;on&#8221; custom_padding_last_edited=&#8221;on|desktop&#8221; admin_label=&#8221;Sektion&#8221; _builder_version=&#8221;3.22&#8243; background_color=&#8221;#ffffff&#8221; custom_padding_tablet=&#8221;50px|0|50px|0&#8243; custom_padding_phone=&#8221;&#8221; transparent_background=&#8221;off&#8221; padding_mobile=&#8221;off&#8221; make_fullwidth=&#8221;off&#8221; use_custom_width=&#8221;off&#8221; width_unit=&#8221;on&#8221; global_module=&#8221;147&#8243;][et_pb_fullwidth_menu menu_id=&#8221;2&#8243; submenu_direction=&#8221;downwards&#8221; fullwidth_menu=&#8221;on&#8221; active_link_color=&#8221;#dd0060&#8243; dropdown_menu_bg_color=&#8221;#ffffff&#8221; dropdown_menu_line_color=&#8221;rgba(197,198,198,0)&#8221; dropdown_menu_text_color=&#8221;#005396&#8243; mobile_menu_bg_color=&#8221;#ffffff&#8221; mobile_menu_text_color=&#8221;#005396&#8243; admin_label=&#8221;Hauptmen\u00fc&#8221; _builder_version=&#8221;3.0.98&#8243; menu_font=&#8221;|on||on|&#8221; menu_font_size=&#8221;15px&#8221; background_color=&#8221;#005396&#8243; text_orientation=&#8221;center&#8221; background_layout=&#8221;dark&#8221; dropdown_menu_animation=&#8221;expand&#8221; menu_font_size_last_edited=&#8221;off|desktop&#8221;][\/et_pb_fullwidth_menu][\/et_pb_section][et_pb_section fb_built=&#8221;1&#8243; custom_padding_last_edited=&#8221;on|desktop&#8221; admin_label=&#8221;section&#8221; _builder_version=&#8221;3.22&#8243; background_color=&#8221;#ffffff&#8221; custom_padding=&#8221;0px|||&#8221; custom_padding_tablet=&#8221;50px|0|50px|0&#8243; custom_padding_phone=&#8221;&#8221; transparent_background=&#8221;off&#8221; padding_mobile=&#8221;off&#8221; make_fullwidth=&#8221;off&#8221; use_custom_width=&#8221;off&#8221; width_unit=&#8221;on&#8221; global_module=&#8221;148&#8243;][et_pb_row column_structure=&#8221;1_3,1_3,1_3&#8243; admin_label=&#8221;row&#8221; _builder_version=&#8221;3.25&#8243; background_size=&#8221;initial&#8221; background_position=&#8221;top_left&#8221; background_repeat=&#8221;repeat&#8221;][et_pb_column type=&#8221;1_3&#8243; _builder_version=&#8221;3.25&#8243; custom_padding=&#8221;|||&#8221; custom_padding__hover=&#8221;|||&#8221;][et_pb_image src=&#8221;https:\/\/www.as-fensterbau.de\/wp-content\/uploads\/2016\/04\/Logo-AS-Fensterbau-GmbH.png&#8221; alt=&#8221;AS Fensterbau GmbH&#8221; title_text=&#8221;Qualit\u00e4tsfenster vom Fachbetrieb&#8221; url=&#8221;https:\/\/www.as-fensterbau.de&#8221; align_tablet=&#8221;center&#8221; align_phone=&#8221;&#8221; align_last_edited=&#8221;on|desktop&#8221; admin_label=&#8221;Logo&#8221; _builder_version=&#8221;3.23&#8243; animation=&#8221;off&#8221; sticky=&#8221;off&#8221; use_border_color=&#8221;off&#8221; border_color=&#8221;#ffffff&#8221; border_style=&#8221;solid&#8221; always_center_on_mobile=&#8221;on&#8221;][\/et_pb_image][\/et_pb_column][et_pb_column type=&#8221;1_3&#8243; _builder_version=&#8221;3.25&#8243; custom_padding=&#8221;|||&#8221; custom_padding__hover=&#8221;|||&#8221;][et_pb_divider show_divider=&#8221;off&#8221; disabled_on=&#8221;on|on|off&#8221; _builder_version=&#8221;3.23.4&#8243; height=&#8221;5px&#8221; hide_on_mobile=&#8221;on&#8221;][\/et_pb_divider][et_pb_text admin_label=&#8221;Rehau Logo&#8221; _builder_version=&#8221;3.27.4&#8243; background_size=&#8221;initial&#8221; background_position=&#8221;top_left&#8221; background_repeat=&#8221;repeat&#8221; use_border_color=&#8221;off&#8221; border_color=&#8221;#ffffff&#8221; border_style=&#8221;solid&#8221;]<\/p>\n<p><img loading=\"lazy\" decoding=\"async\" class=\"aligncenter size-full wp-image-53\" src=\"https:\/\/www.as-fensterbau.de\/wp-content\/uploads\/2016\/04\/Rehau-Logo.png\" alt=\"Rehau-Logo\" width=\"217\" height=\"100\" \/><\/p>\n<p>[\/et_pb_text][\/et_pb_column][et_pb_column type=&#8221;1_3&#8243; _builder_version=&#8221;3.25&#8243; custom_padding=&#8221;|||&#8221; custom_padding__hover=&#8221;|||&#8221;][et_pb_text admin_label=&#8221;Adresse AS Fensterbau&#8221; _builder_version=&#8221;3.27.4&#8243; text_font=&#8221;|on|||&#8221; text_text_color=&#8221;#005396&#8243; background_size=&#8221;initial&#8221; background_position=&#8221;top_left&#8221; background_repeat=&#8221;repeat&#8221; use_border_color=&#8221;off&#8221; saved_tabs=&#8221;all&#8221;]<\/p>\n<p>AS Fensterbau GmbH<\/p>\n<p>Wierlings Busch 3<br \/>48249 D\u00fclmen<br \/>Tel: <a href=\"tel:+492594991123\">0 25 94 \/ 99 11 23<\/a> <br \/>Fax: 0 25 94 \/ 99 11 57 <br \/>E-Mail: <a href=\"mailto:info@as-fensterbau.de\">info@as-fensterbau.de<\/a><\/p>\n<p>Mo bis Fr: 7:00 bis 17:00 Uhr<br \/>Sa: nach Terminvereinbarung<\/p>\n<p>[\/et_pb_text][\/et_pb_column][\/et_pb_row][\/et_pb_section][et_pb_section fb_built=&#8221;1&#8243; fullwidth=&#8221;on&#8221; custom_padding_last_edited=&#8221;on|desktop&#8221; admin_label=&#8221;Sektion&#8221; _builder_version=&#8221;3.22&#8243; background_color=&#8221;#ffffff&#8221; custom_padding_tablet=&#8221;50px|0|50px|0&#8243; custom_padding_phone=&#8221;&#8221; transparent_background=&#8221;off&#8221; padding_mobile=&#8221;off&#8221; make_fullwidth=&#8221;off&#8221; use_custom_width=&#8221;off&#8221; width_unit=&#8221;on&#8221;][et_pb_fullwidth_slider admin_label=&#8221;Vollbreiter Slider&#8221; _builder_version=&#8221;4.0.4&#8243; header_font_size=&#8221;38px&#8221; custom_padding=&#8221;|||&#8221; custom_padding_tablet=&#8221;|||&#8221; custom_padding_phone=&#8221;|||&#8221; hover_enabled=&#8221;0&#8243; box_shadow_style=&#8221;preset6&#8243; box_shadow_blur=&#8221;10px&#8221; box_shadow_color=&#8221;rgba(0,0,0,0.1)&#8221; remove_inner_shadow=&#8221;off&#8221; hide_content_on_mobile=&#8221;off&#8221; hide_cta_on_mobile=&#8221;off&#8221; show_inner_shadow=&#8221;on&#8221; button_letter_spacing_hover=&#8221;0&#8243; button_text_size__hover_enabled=&#8221;off&#8221; button_one_text_size__hover_enabled=&#8221;off&#8221; button_two_text_size__hover_enabled=&#8221;off&#8221; button_text_color__hover_enabled=&#8221;off&#8221; button_one_text_color__hover_enabled=&#8221;off&#8221; button_two_text_color__hover_enabled=&#8221;off&#8221; button_border_width__hover_enabled=&#8221;off&#8221; button_one_border_width__hover_enabled=&#8221;off&#8221; button_two_border_width__hover_enabled=&#8221;off&#8221; button_border_color__hover_enabled=&#8221;off&#8221; button_one_border_color__hover_enabled=&#8221;off&#8221; button_two_border_color__hover_enabled=&#8221;off&#8221; button_border_radius__hover_enabled=&#8221;off&#8221; button_one_border_radius__hover_enabled=&#8221;off&#8221; button_two_border_radius__hover_enabled=&#8221;off&#8221; button_letter_spacing__hover_enabled=&#8221;on&#8221; button_letter_spacing__hover=&#8221;0&#8243; button_one_letter_spacing__hover_enabled=&#8221;off&#8221; button_two_letter_spacing__hover_enabled=&#8221;off&#8221; button_bg_color__hover_enabled=&#8221;off&#8221; button_one_bg_color__hover_enabled=&#8221;off&#8221; button_two_bg_color__hover_enabled=&#8221;off&#8221;][et_pb_slide heading=&#8221;Ein Unternehmen mit langj\u00e4hriger Tradition&#8221; use_bg_overlay=&#8221;off&#8221; use_text_overlay=&#8221;off&#8221; _builder_version=&#8221;3.16&#8243; header_font=&#8221;|||on|&#8221; body_font=&#8221;||||&#8221; background_color=&#8221;#ffffff&#8221; background_image=&#8221;https:\/\/www.as-fensterbau.de\/wp-content\/uploads\/2016\/04\/Vorbaurollladen.jpg&#8221; button_icon_placement=&#8221;right&#8221; button_on_hover=&#8221;on&#8221; button_text_size__hover_enabled=&#8221;off&#8221; button_one_text_size__hover_enabled=&#8221;off&#8221; button_two_text_size__hover_enabled=&#8221;off&#8221; button_text_color__hover_enabled=&#8221;off&#8221; button_one_text_color__hover_enabled=&#8221;off&#8221; button_two_text_color__hover_enabled=&#8221;off&#8221; button_border_width__hover_enabled=&#8221;off&#8221; button_one_border_width__hover_enabled=&#8221;off&#8221; button_two_border_width__hover_enabled=&#8221;off&#8221; button_border_color__hover_enabled=&#8221;off&#8221; button_one_border_color__hover_enabled=&#8221;off&#8221; button_two_border_color__hover_enabled=&#8221;off&#8221; button_border_radius__hover_enabled=&#8221;off&#8221; button_one_border_radius__hover_enabled=&#8221;off&#8221; button_two_border_radius__hover_enabled=&#8221;off&#8221; button_letter_spacing__hover_enabled=&#8221;off&#8221; button_one_letter_spacing__hover_enabled=&#8221;off&#8221; button_two_letter_spacing__hover_enabled=&#8221;off&#8221; button_bg_color__hover_enabled=&#8221;off&#8221; button_one_bg_color__hover_enabled=&#8221;off&#8221; button_two_bg_color__hover_enabled=&#8221;off&#8221;] [\/et_pb_slide][\/et_pb_fullwidth_slider][\/et_pb_section][et_pb_section fb_built=&#8221;1&#8243; _builder_version=&#8221;4.0.4&#8243;][et_pb_row _builder_version=&#8221;4.0.4&#8243;][et_pb_column type=&#8221;4_4&#8243; _builder_version=&#8221;4.0.4&#8243;][et_pb_text _builder_version=&#8221;4.0.4&#8243;]<\/p>\n<h2><strong>Unser Montageteam<\/strong><\/h2>\n<p>&nbsp;<\/p>\n<p>Wir suchen Unterst\u00fctzung f\u00fcr unsere 20 Fenstermonteure. Du bist handwerklich fit und hast Interesse Teil eines starken Teams zu werden? Dann bist du bei uns genau richtig. F\u00fcr die Arbeiten, die dich hier erwarten, musst du nicht zwingend ein gelernter Tischler oder eine gelernte Tischlerin sein. Ein engagierter, flei\u00dfiger und motivierter Mitarbeiter ist uns wichtiger als Qualifikationen auf einem Blatt Papier. Du sollst mit Frohmut in unser Team passen und eine Bereicherung f\u00fcr deine zuk\u00fcnftigen Arbeitskollegen sein. Dein neuer Arbeitsplatz ist vielseitig und abwechslungsreich. Die Erneuerung von Fenstern im Bestand geh\u00f6rt genauso zu deinen Aufgaben, wie das Montieren der Elemente im Neubau. Von Arbeiten, welche du mit deinem Arbeitskollegen ganz allein erledigen kannst, bis hin zu gr\u00f6\u00dferen Neubauten, die mit mehreren Kollegen angefahren werden m\u00fcssen, ist alles dabei. Wenn du Interesse hast, dann melde dich bitte.<\/p>\n<hr \/>\n<h4><strong><br \/>Das erwartet dich:<\/strong><\/h4>\n<ul>\n<li>Aus- und Einbau von Fenster- und T\u00fcrelementen beim Kunden<\/li>\n<li>Montagen im Raum M\u00fcnsterland<\/li>\n<li>Arbeiten im Team<\/li>\n<\/ul>\n<hr \/>\n<h4><strong><br \/>Das solltest du mitbringen:<\/strong><\/h4>\n<ul>\n<li>Engagement<\/li>\n<li>Flei\u00df<\/li>\n<li>Motivation<\/li>\n<li>Teamf\u00e4higkeit<\/li>\n<li>Selbstst\u00e4ndigkeit<\/li>\n<li>Flexibilit\u00e4t<\/li>\n<li>F\u00fchrerschein Klassen B+BE<\/li>\n<\/ul>\n<hr \/>\n<h4><strong><br \/>Das bieten wir dir:<\/strong><\/h4>\n<ul>\n<li>unbefristeter Arbeitsvertrag<\/li>\n<li>\u00fcbertarifliche Bezahlung<\/li>\n<li>Urlaubs- und Weihnachtsgeld<\/li>\n<\/ul>\n<p>&nbsp;<\/p>\n<p>&nbsp;<\/p>\n<blockquote>\n<p>Haben wir dein Interesse geweckt, dann bewirb dich gerne telefonisch bei uns unter der Rufnummer <strong>02594\/991123<br \/><\/strong>oder schriftlich per E-Mail an: <a href=\"mailto:alfons.schotte@as-fensterbau.de\"><strong>alfons.schotte@as-fensterbau.de<\/strong><\/a><\/p>\n<\/blockquote>\n<p>[\/et_pb_text][\/et_pb_column][\/et_pb_row][\/et_pb_section]<\/p>\n","protected":false},"excerpt":{"rendered":"<p>Wir suchen Unterst\u00fctzung f\u00fcr unsere 20 Fenstermonteure. Du bist handwerklich fit und hast Interesse Teil eines starken Teams zu werden? Dann bist du bei uns genau richtig.<\/p>\n","protected":false},"author":2,"featured_media":0,"parent":0,"menu_order":0,"comment_status":"closed","ping_status":"closed","template":"","meta":{"_et_pb_use_builder":"on","_et_pb_old_content":"<h3>Unser Montageteam<\/h3><p>Wir suchen Unterst\u00fctzung f\u00fcr unsere 20 Fenstermonteure. Du bist handwerklich fit und hast Interesse Teil eines starken Teams zu werden? Dann bist du bei uns genau richtig. F\u00fcr die Arbeiten, die dich hier erwarten, musst du nicht zwingend ein gelernter Tischler oder eine gelernte Tischlerin sein. Ein engagierter, flei\u00dfiger und motivierter Mitarbeiter ist uns wichtiger als Qualifikationen auf einem Blatt Papier. Du sollst mit Frohmut in unser Team passen und eine Bereicherung f\u00fcr deine zuk\u00fcnftigen Arbeitskollegen sein. Dein neuer Arbeitsplatz ist vielseitig und abwechslungsreich. Die Erneuerung von Fenstern im Bestand geh\u00f6rt genauso zu deinen Aufgaben, wie das Montieren der Elemente im Neubau. Von Arbeiten, welche du mit deinem Arbeitskollegen ganz allein erledigen kannst, bis hin zu gr\u00f6\u00dferen Neubauten, die mit mehreren Kollegen angefahren werden m\u00fcssen, ist alles dabei. Wenn du Interesse hast, dann melde dich bitte.<\/p><h4>Das erwartet dich:<\/h4><p>\u2022 Aus- und Einbau von Fenster- und T\u00fcrelementen beim Kunden<br \/>\u2022 Montagen im Raum M\u00fcnsterland<br \/>\u2022 Arbeiten im Team<\/p><h4>Das solltest du mitbringen:<\/h4><p>\u2022 Engagement<br \/>\u2022 Flei\u00df<br \/>\u2022 Motivation<br \/>\u2022 Teamf\u00e4higkeit<br \/>\u2022 Selbstst\u00e4ndigkeit<br \/>\u2022 Flexibilit\u00e4t<br \/>\u2022 F\u00fchrerschein Klassen B+BE<\/p><h4>Das bieten wir dir:<\/h4><p>\u2022 unbefristeter Arbeitsvertrag<br \/>\u2022 \u00fcbertarifliche Bezahlung<br \/>\u2022 Urlaubs- und Weihnachtsgeld<\/p><blockquote><p>Haben wir dein Interesse geweckt, dann bewirb dich gerne telefonisch bei uns unter der Rufnummer 02594\/991123 oder schriftlich per E-Mail an: <a href=\"mailto:alfons.schotte@as-fensterbau.de\">alfons.schotte@as-fensterbau.de<\/a><\/p><\/blockquote>","_et_gb_content_width":"","inline_featured_image":false,"footnotes":""},"class_list":["post-1238","page","type-page","status-publish","hentry"],"_links":{"self":[{"href":"https:\/\/www.as-fensterbau.de\/index.php\/wp-json\/wp\/v2\/pages\/1238","targetHints":{"allow":["GET"]}}],"collection":[{"href":"https:\/\/www.as-fensterbau.de\/index.php\/wp-json\/wp\/v2\/pages"}],"about":[{"href":"https:\/\/www.as-fensterbau.de\/index.php\/wp-json\/wp\/v2\/types\/page"}],"author":[{"embeddable":true,"href":"https:\/\/www.as-fensterbau.de\/index.php\/wp-json\/wp\/v2\/users\/2"}],"replies":[{"embeddable":true,"href":"https:\/\/www.as-fensterbau.de\/index.php\/wp-json\/wp\/v2\/comments?post=1238"}],"version-history":[{"count":30,"href":"https:\/\/www.as-fensterbau.de\/index.php\/wp-json\/wp\/v2\/pages\/1238\/revisions"}],"predecessor-version":[{"id":1278,"href":"https:\/\/www.as-fensterbau.de\/index.php\/wp-json\/wp\/v2\/pages\/1238\/revisions\/1278"}],"wp:attachment":[{"href":"https:\/\/www.as-fensterbau.de\/index.php\/wp-json\/wp\/v2\/media?parent=1238"}],"curies":[{"name":"wp","href":"https:\/\/api.w.org\/{rel}","templated":true}]}}